{"id":378,"date":"2017-06-15T15:24:31","date_gmt":"2017-06-15T15:24:31","guid":{"rendered":"http:\/\/idp.viralbamboo.com\/?page_id=378"},"modified":"2025-07-11T11:17:04","modified_gmt":"2025-07-11T11:17:04","slug":"inicio","status":"publish","type":"page","link":"https:\/\/internationaldrivingpermit.org\/es\/","title":{"rendered":"Permiso Internacional de Conducir"},"content":{"rendered":"\n<pre class=\"wp-block-preformatted\">Permiso Internacional de Conducir (IDP): \u00bfest\u00e1 planeando un viaje al extranjero pronto? \u00a1Aseg\u00farese de familiarizarse con todos los requisitos de la licencia de conducir internacional hoy de la \u00fanica gu\u00eda oficial reconocida!<\/pre>\n\n\n\n<figure class=\"wp-block-image size-large\"><img decoding=\"async\" width=\"20\" height=\"20\" data-src=\"https:\/\/internationaldrivingpermit.org\/wp-content\/uploads\/2021\/02\/image.png\" alt=\"Community-verified icon\" class=\"wp-image-3790 lazyload\" src=\"data:image\/svg+xml;base64,PHN2ZyB3aWR0aD0iMSIgaGVpZ2h0PSIxIiB4bWxucz0iaHR0cDovL3d3dy53My5vcmcvMjAwMC9zdmciPjwvc3ZnPg==\" style=\"--smush-placeholder-width: 20px; --smush-placeholder-aspect-ratio: 20\/20;\" \/><\/figure>\n","protected":false},"excerpt":{"rendered":"<p>Permiso Internacional de Conducir (IDP): \u00bfest\u00e1 planeando un viaje al extranjero pronto? \u00a1Aseg\u00farese de familiarizarse&#8230;<\/p>\n","protected":false},"author":21,"featured_media":4347,"parent":0,"menu_order":0,"comment_status":"closed","ping_status":"closed","template":"","meta":{"_acf_changed":false,"footnotes":""},"class_list":["post-378","page","type-page","status-publish","has-post-thumbnail","hentry"],"acf":[],"yoast_head":"<!-- This site is optimized with the Yoast SEO plugin v27.0 - https:\/\/yoast.com\/product\/yoast-seo-wordpress\/ -->\n<title>Permiso Internacional de Conducir | Directorio Oficial<\/title>\n<meta name=\"description\" content=\"Permiso Internacional de Conducir (IDP): \u00bfest\u00e1 planeando un viaje al extranjero pronto? \u00a1Aseg\u00farese de familiarizarse con todos los requisitos de la\" \/>\n<meta name=\"robots\" content=\"index, follow, max-snippet:-1, max-image-preview:large, max-video-preview:-1\" \/>\n<link rel=\"canonical\" href=\"https:\/\/internationaldrivingpermit.org\/es\/\" \/>\n<meta property=\"og:locale\" content=\"es_ES\" \/>\n<meta property=\"og:type\" content=\"article\" \/>\n<meta property=\"og:title\" content=\"Permiso Internacional de Conducir | Directorio Oficial\" \/>\n<meta property=\"og:description\" content=\"Permiso Internacional de Conducir (IDP): \u00bfest\u00e1 planeando un viaje al extranjero pronto? \u00a1Aseg\u00farese de familiarizarse con todos los requisitos de la\" \/>\n<meta property=\"og:url\" content=\"https:\/\/internationaldrivingpermit.org\/es\/\" \/>\n<meta property=\"og:site_name\" content=\"International Driving Permit\" \/>\n<meta property=\"article:modified_time\" content=\"2025-07-11T11:17:04+00:00\" \/>\n<meta property=\"og:image\" content=\"https:\/\/internationaldrivingpermit.org\/wp-content\/uploads\/2024\/05\/police-officer-waves-on-traffic-at-vehicle-checkpoint-4-jpg.webp\" \/>\n\t<meta property=\"og:image:width\" content=\"1280\" \/>\n\t<meta property=\"og:image:height\" content=\"850\" \/>\n\t<meta property=\"og:image:type\" content=\"image\/jpeg\" \/>\n<meta name=\"twitter:card\" content=\"summary_large_image\" \/>\n<meta name=\"twitter:label1\" content=\"Est. reading time\" \/>\n\t<meta name=\"twitter:data1\" content=\"3 minutes\" \/>\n<script type=\"application\/ld+json\" class=\"yoast-schema-graph\">{\"@context\":\"https:\/\/schema.org\",\"@graph\":[{\"@type\":\"WebPage\",\"@id\":\"https:\/\/internationaldrivingpermit.org\/es\/\",\"url\":\"https:\/\/internationaldrivingpermit.org\/es\/\",\"name\":\"Permiso Internacional de Conducir | Directorio Oficial\",\"isPartOf\":{\"@id\":\"https:\/\/internationaldrivingpermit.org\/es\/#website\"},\"primaryImageOfPage\":{\"@id\":\"https:\/\/internationaldrivingpermit.org\/es\/#primaryimage\"},\"image\":{\"@id\":\"https:\/\/internationaldrivingpermit.org\/es\/#primaryimage\"},\"thumbnailUrl\":\"https:\/\/internationaldrivingpermit.org\/wp-content\/uploads\/2024\/05\/police-officer-waves-on-traffic-at-vehicle-checkpoint-4-jpg.webp\",\"datePublished\":\"2017-06-15T15:24:31+00:00\",\"dateModified\":\"2025-07-11T11:17:04+00:00\",\"description\":\"Permiso Internacional de Conducir (IDP): \u00bfest\u00e1 planeando un viaje al extranjero pronto? \u00a1Aseg\u00farese de familiarizarse con todos los requisitos de la\",\"breadcrumb\":{\"@id\":\"https:\/\/internationaldrivingpermit.org\/es\/#breadcrumb\"},\"inLanguage\":\"es-ES\",\"potentialAction\":[{\"@type\":\"ReadAction\",\"target\":[\"https:\/\/internationaldrivingpermit.org\/es\/\"]}]},{\"@type\":\"ImageObject\",\"inLanguage\":\"es-ES\",\"@id\":\"https:\/\/internationaldrivingpermit.org\/es\/#primaryimage\",\"url\":\"https:\/\/internationaldrivingpermit.org\/wp-content\/uploads\/2024\/05\/police-officer-waves-on-traffic-at-vehicle-checkpoint-4-jpg.webp\",\"contentUrl\":\"https:\/\/internationaldrivingpermit.org\/wp-content\/uploads\/2024\/05\/police-officer-waves-on-traffic-at-vehicle-checkpoint-4-jpg.webp\",\"width\":1280,\"height\":850,\"caption\":\"Belfast, Northern Ireland. 24 Nov 2016 - An armed PSNI officer waves on traffic during a vehicle checkpoint. Credit: Stephen Barnes\/Alamy Live News\"},{\"@type\":\"BreadcrumbList\",\"@id\":\"https:\/\/internationaldrivingpermit.org\/es\/#breadcrumb\",\"itemListElement\":[{\"@type\":\"ListItem\",\"position\":1,\"name\":\"Home\",\"item\":\"https:\/\/internationaldrivingpermit.org\/es\/\"},{\"@type\":\"ListItem\",\"position\":2,\"name\":\"Permiso Internacional de Conducir\"}]},{\"@type\":\"WebSite\",\"@id\":\"https:\/\/internationaldrivingpermit.org\/es\/#website\",\"url\":\"https:\/\/internationaldrivingpermit.org\/es\/\",\"name\":\"International Driving Permit\",\"description\":\"Your Official International Driving Permit\",\"potentialAction\":[{\"@type\":\"SearchAction\",\"target\":{\"@type\":\"EntryPoint\",\"urlTemplate\":\"https:\/\/internationaldrivingpermit.org\/es\/?s={search_term_string}\"},\"query-input\":{\"@type\":\"PropertyValueSpecification\",\"valueRequired\":true,\"valueName\":\"search_term_string\"}}],\"inLanguage\":\"es-ES\"}]}<\/script>\n<!-- \/ Yoast SEO plugin. -->","yoast_head_json":{"title":"Permiso Internacional de Conducir | Directorio Oficial","description":"Permiso Internacional de Conducir (IDP): \u00bfest\u00e1 planeando un viaje al extranjero pronto? \u00a1Aseg\u00farese de familiarizarse con todos los requisitos de la","robots":{"index":"index","follow":"follow","max-snippet":"max-snippet:-1","max-image-preview":"max-image-preview:large","max-video-preview":"max-video-preview:-1"},"canonical":"https:\/\/internationaldrivingpermit.org\/es\/","og_locale":"es_ES","og_type":"article","og_title":"Permiso Internacional de Conducir | Directorio Oficial","og_description":"Permiso Internacional de Conducir (IDP): \u00bfest\u00e1 planeando un viaje al extranjero pronto? \u00a1Aseg\u00farese de familiarizarse con todos los requisitos de la","og_url":"https:\/\/internationaldrivingpermit.org\/es\/","og_site_name":"International Driving Permit","article_modified_time":"2025-07-11T11:17:04+00:00","og_image":[{"width":1280,"height":850,"url":"https:\/\/internationaldrivingpermit.org\/wp-content\/uploads\/2024\/05\/police-officer-waves-on-traffic-at-vehicle-checkpoint-4-jpg.webp","type":"image\/jpeg"}],"twitter_card":"summary_large_image","twitter_misc":{"Est. reading time":"3 minutes"},"schema":{"@context":"https:\/\/schema.org","@graph":[{"@type":"WebPage","@id":"https:\/\/internationaldrivingpermit.org\/es\/","url":"https:\/\/internationaldrivingpermit.org\/es\/","name":"Permiso Internacional de Conducir | Directorio Oficial","isPartOf":{"@id":"https:\/\/internationaldrivingpermit.org\/es\/#website"},"primaryImageOfPage":{"@id":"https:\/\/internationaldrivingpermit.org\/es\/#primaryimage"},"image":{"@id":"https:\/\/internationaldrivingpermit.org\/es\/#primaryimage"},"thumbnailUrl":"https:\/\/internationaldrivingpermit.org\/wp-content\/uploads\/2024\/05\/police-officer-waves-on-traffic-at-vehicle-checkpoint-4-jpg.webp","datePublished":"2017-06-15T15:24:31+00:00","dateModified":"2025-07-11T11:17:04+00:00","description":"Permiso Internacional de Conducir (IDP): \u00bfest\u00e1 planeando un viaje al extranjero pronto? \u00a1Aseg\u00farese de familiarizarse con todos los requisitos de la","breadcrumb":{"@id":"https:\/\/internationaldrivingpermit.org\/es\/#breadcrumb"},"inLanguage":"es-ES","potentialAction":[{"@type":"ReadAction","target":["https:\/\/internationaldrivingpermit.org\/es\/"]}]},{"@type":"ImageObject","inLanguage":"es-ES","@id":"https:\/\/internationaldrivingpermit.org\/es\/#primaryimage","url":"https:\/\/internationaldrivingpermit.org\/wp-content\/uploads\/2024\/05\/police-officer-waves-on-traffic-at-vehicle-checkpoint-4-jpg.webp","contentUrl":"https:\/\/internationaldrivingpermit.org\/wp-content\/uploads\/2024\/05\/police-officer-waves-on-traffic-at-vehicle-checkpoint-4-jpg.webp","width":1280,"height":850,"caption":"Belfast, Northern Ireland. 24 Nov 2016 - An armed PSNI officer waves on traffic during a vehicle checkpoint. Credit: Stephen Barnes\/Alamy Live News"},{"@type":"BreadcrumbList","@id":"https:\/\/internationaldrivingpermit.org\/es\/#breadcrumb","itemListElement":[{"@type":"ListItem","position":1,"name":"Home","item":"https:\/\/internationaldrivingpermit.org\/es\/"},{"@type":"ListItem","position":2,"name":"Permiso Internacional de Conducir"}]},{"@type":"WebSite","@id":"https:\/\/internationaldrivingpermit.org\/es\/#website","url":"https:\/\/internationaldrivingpermit.org\/es\/","name":"International Driving Permit","description":"Your Official International Driving Permit","potentialAction":[{"@type":"SearchAction","target":{"@type":"EntryPoint","urlTemplate":"https:\/\/internationaldrivingpermit.org\/es\/?s={search_term_string}"},"query-input":{"@type":"PropertyValueSpecification","valueRequired":true,"valueName":"search_term_string"}}],"inLanguage":"es-ES"}]}},"_links":{"self":[{"href":"https:\/\/internationaldrivingpermit.org\/es\/wp-json\/wp\/v2\/pages\/378","targetHints":{"allow":["GET"]}}],"collection":[{"href":"https:\/\/internationaldrivingpermit.org\/es\/wp-json\/wp\/v2\/pages"}],"about":[{"href":"https:\/\/internationaldrivingpermit.org\/es\/wp-json\/wp\/v2\/types\/page"}],"author":[{"embeddable":true,"href":"https:\/\/internationaldrivingpermit.org\/es\/wp-json\/wp\/v2\/users\/21"}],"replies":[{"embeddable":true,"href":"https:\/\/internationaldrivingpermit.org\/es\/wp-json\/wp\/v2\/comments?post=378"}],"version-history":[{"count":5,"href":"https:\/\/internationaldrivingpermit.org\/es\/wp-json\/wp\/v2\/pages\/378\/revisions"}],"predecessor-version":[{"id":4569,"href":"https:\/\/internationaldrivingpermit.org\/es\/wp-json\/wp\/v2\/pages\/378\/revisions\/4569"}],"wp:featuredmedia":[{"embeddable":true,"href":"https:\/\/internationaldrivingpermit.org\/es\/wp-json\/wp\/v2\/media\/4347"}],"wp:attachment":[{"href":"https:\/\/internationaldrivingpermit.org\/es\/wp-json\/wp\/v2\/media?parent=378"}],"curies":[{"name":"wp","href":"https:\/\/api.w.org\/{rel}","templated":true}]}}