{"id":395,"date":"2017-06-15T15:34:29","date_gmt":"2017-06-15T15:34:29","guid":{"rendered":"http:\/\/idp.viralbamboo.com\/?page_id=395"},"modified":"2019-02-15T20:22:51","modified_gmt":"2019-02-15T20:22:51","slug":"que-es-un-pic","status":"publish","type":"page","link":"https:\/\/internationaldrivingpermit.org\/es\/que-es-un-pic\/","title":{"rendered":"\u00bfQu\u00e9 es el Permiso Internacional de Conducir?"},"content":{"rendered":"<h2>Definici\u00f3n<\/h2>\n<p>Un Permiso Internacional de Conducir (PIC) es un documento de viaje internacional, cuyo uso est\u00e1 regulado por la ONU, que le permite conducir fuera de su pa\u00eds.<\/p>\n<h2>\u00bfNecesito un Permiso de Conducir Internacional para conducir en el extranjero?<\/h2>\n<p>S\u00ed, en muchos casos necesitar\u00e1 un PIC para conducir en un pa\u00eds extranjero distinto a su pa\u00eds de residencia habitual. Esto depende de los acuerdos bilaterales o tratados existentes entre el pa\u00eds en el que usted resida y el pa\u00eds en el que pretende conducir.<\/p>\n<p>Existen numerosos tratados y acuerdos multilaterales que regulan la obligatoriedad de este documento y dichos acuerdos y tratados cambian frecuentemente.<\/p>\n<p>Llevar un Permiso de Conducir Internacional es una manera f\u00e1cil de conducir legalmente en el extranjero, con la tranquilidad de estar cumpliendo con la ley y las normativas internacionales.<\/p>\n<p>El uso del PIC est\u00e1 recomendado incluso para pa\u00edses en los que no es un requisito legal, a fin de ahorrarse inconvenientes. Un PIC no puede en ning\u00fan caso actuar como sustituto de su permiso de conducir nacional. El PIC no es v\u00e1lido para conducir en su pa\u00eds de residencia, en el que necesitar\u00e1 un permiso de conducir nacional vigente.<\/p>\n<h2>\u00bfC\u00f3mo funciona esta licencia?<\/h2>\n<p>La ONU lleva desde 1926 regulando la conducci\u00f3n de veh\u00edculos en el extranjero mediante cuatro convenciones internacionales, ratificadas por la mayor\u00eda de pa\u00edses del mundo.<\/p>\n<p>Hoy en d\u00eda, dos convenciones cubren el 98% de pa\u00edses: la Convenci\u00f3n de Ginebra de 1949 y la Convenci\u00f3n de Viena de 1968. Casi todos estos documentos se emiten bajo lo estipulado en estas dos convenciones.<\/p>\n<p>La autoridad para emitir este permiso reside en los pa\u00edses que sean partes contratantes de una o m\u00e1s de las convenciones de la ONU relativas a la circulaci\u00f3n por carretera.<\/p>\n<p>La mayor\u00eda de estos pa\u00edses delegan esta tarea en asociaciones o clubes de automovilistas. Este es el motivo por el que los clubes miembros de la\u00a0 AIT y la FIA forman la mayor entidad emisora del PIC en todo el mundo.<\/p>\n<p>Si en su pa\u00eds de residencia hay un club autorizado a emitir el Permiso Internacional de Conducir, esta web le ayudar\u00e1 a acceder a la secci\u00f3n de informaci\u00f3n sobre el PIC de ese club.<\/p>\n<h2>Funciones del Permiso Internacional de Conducir<\/h2>\n<p>El PIC garantiza que las autoridades del pa\u00eds extranjero en el que va a conducir puedan entender su permiso de conducir nacional.<\/p>\n<p>Entre sus principales usos encontramos:<\/p>\n<h3>Certificar<\/h3>\n<p>La entidad emisora del PIC certifica que usted es titular de un permiso de conducir v\u00e1lido en su pa\u00eds de residencia; es decir, que est\u00e1 usted autorizado a conducir veh\u00edculos a motor.<\/p>\n<h3>Tipo de veh\u00edculo<\/h3>\n<p>El emisor del Permiso Internacional de Conducir tambi\u00e9n indica y certifica qu\u00e9 categor\u00eda o categor\u00edas de veh\u00edculos a motor que est\u00e1 usted autorizado a conducir.<\/p>\n<h3>Mejorar la seguridad vial<\/h3>\n<p>El hecho de que este permiso sea a menudo un requisito para conducir en el extranjero ayuda a garantizar que todos los conductores sean conductores autorizados y ayuda a mejorar la seguridad vial en todo el mundo.<\/p>\n","protected":false},"excerpt":{"rendered":"<p>Definici\u00f3n Un Permiso Internacional de Conducir (PIC) es un documento de viaje internacional, cuyo uso&#8230;<\/p>\n","protected":false},"author":21,"featured_media":84,"parent":0,"menu_order":0,"comment_status":"closed","ping_status":"closed","template":"","meta":{"_acf_changed":false,"footnotes":""},"class_list":["post-395","page","type-page","status-publish","has-post-thumbnail","hentry"],"acf":[],"yoast_head":"<!-- This site is optimized with the Yoast SEO plugin v27.0 - https:\/\/yoast.com\/product\/yoast-seo-wordpress\/ -->\n<title>\u00bfQu\u00e9 es el Permiso Internacional de Conducir? | Info Oficial<\/title>\n<meta name=\"description\" content=\"\u00bfQu\u00e9 es el Permiso Internacional de Conducir? \u00bfPara qu\u00e9 Sirve? \u00bfQu\u00e9 funciones tiene? Estas y m\u00e1s preguntas te las respondemos aqu\u00ed\" \/>\n<meta name=\"robots\" content=\"index, follow, max-snippet:-1, max-image-preview:large, max-video-preview:-1\" \/>\n<link rel=\"canonical\" href=\"https:\/\/internationaldrivingpermit.org\/es\/que-es-un-pic\/\" \/>\n<meta property=\"og:locale\" content=\"es_ES\" \/>\n<meta property=\"og:type\" content=\"article\" \/>\n<meta property=\"og:title\" content=\"\u00bfQu\u00e9 es el Permiso Internacional de Conducir? | Info Oficial\" \/>\n<meta property=\"og:description\" content=\"\u00bfQu\u00e9 es el Permiso Internacional de Conducir? \u00bfPara qu\u00e9 Sirve? \u00bfQu\u00e9 funciones tiene? Estas y m\u00e1s preguntas te las respondemos aqu\u00ed\" \/>\n<meta property=\"og:url\" content=\"https:\/\/internationaldrivingpermit.org\/es\/que-es-un-pic\/\" \/>\n<meta property=\"og:site_name\" content=\"International Driving Permit\" \/>\n<meta property=\"article:modified_time\" content=\"2019-02-15T20:22:51+00:00\" \/>\n<meta property=\"og:image\" content=\"https:\/\/internationaldrivingpermit.org\/wp-content\/uploads\/2017\/06\/idps.png\" \/>\n\t<meta property=\"og:image:width\" content=\"1023\" \/>\n\t<meta property=\"og:image:height\" content=\"308\" \/>\n\t<meta property=\"og:image:type\" content=\"image\/png\" \/>\n<meta name=\"twitter:card\" content=\"summary_large_image\" \/>\n<meta name=\"twitter:label1\" content=\"Est. reading time\" \/>\n\t<meta name=\"twitter:data1\" content=\"3 minutes\" \/>\n<script type=\"application\/ld+json\" class=\"yoast-schema-graph\">{\"@context\":\"https:\/\/schema.org\",\"@graph\":[{\"@type\":\"WebPage\",\"@id\":\"https:\/\/internationaldrivingpermit.org\/es\/que-es-un-pic\/\",\"url\":\"https:\/\/internationaldrivingpermit.org\/es\/que-es-un-pic\/\",\"name\":\"\u00bfQu\u00e9 es el Permiso Internacional de Conducir? | Info Oficial\",\"isPartOf\":{\"@id\":\"https:\/\/internationaldrivingpermit.org\/es\/#website\"},\"primaryImageOfPage\":{\"@id\":\"https:\/\/internationaldrivingpermit.org\/es\/que-es-un-pic\/#primaryimage\"},\"image\":{\"@id\":\"https:\/\/internationaldrivingpermit.org\/es\/que-es-un-pic\/#primaryimage\"},\"thumbnailUrl\":\"https:\/\/internationaldrivingpermit.org\/wp-content\/uploads\/2017\/06\/idps.png\",\"datePublished\":\"2017-06-15T15:34:29+00:00\",\"dateModified\":\"2019-02-15T20:22:51+00:00\",\"description\":\"\u00bfQu\u00e9 es el Permiso Internacional de Conducir? \u00bfPara qu\u00e9 Sirve? \u00bfQu\u00e9 funciones tiene? Estas y m\u00e1s preguntas te las respondemos aqu\u00ed\",\"breadcrumb\":{\"@id\":\"https:\/\/internationaldrivingpermit.org\/es\/que-es-un-pic\/#breadcrumb\"},\"inLanguage\":\"es-ES\",\"potentialAction\":[{\"@type\":\"ReadAction\",\"target\":[\"https:\/\/internationaldrivingpermit.org\/es\/que-es-un-pic\/\"]}]},{\"@type\":\"ImageObject\",\"inLanguage\":\"es-ES\",\"@id\":\"https:\/\/internationaldrivingpermit.org\/es\/que-es-un-pic\/#primaryimage\",\"url\":\"https:\/\/internationaldrivingpermit.org\/wp-content\/uploads\/2017\/06\/idps.png\",\"contentUrl\":\"https:\/\/internationaldrivingpermit.org\/wp-content\/uploads\/2017\/06\/idps.png\",\"width\":1023,\"height\":308,\"caption\":\"que es el permiso internacional de conducir\"},{\"@type\":\"BreadcrumbList\",\"@id\":\"https:\/\/internationaldrivingpermit.org\/es\/que-es-un-pic\/#breadcrumb\",\"itemListElement\":[{\"@type\":\"ListItem\",\"position\":1,\"name\":\"Home\",\"item\":\"https:\/\/internationaldrivingpermit.org\/es\/\"},{\"@type\":\"ListItem\",\"position\":2,\"name\":\"\u00bfQu\u00e9 es el Permiso Internacional de Conducir?\"}]},{\"@type\":\"WebSite\",\"@id\":\"https:\/\/internationaldrivingpermit.org\/es\/#website\",\"url\":\"https:\/\/internationaldrivingpermit.org\/es\/\",\"name\":\"International Driving Permit\",\"description\":\"Your Official International Driving Permit\",\"potentialAction\":[{\"@type\":\"SearchAction\",\"target\":{\"@type\":\"EntryPoint\",\"urlTemplate\":\"https:\/\/internationaldrivingpermit.org\/es\/?s={search_term_string}\"},\"query-input\":{\"@type\":\"PropertyValueSpecification\",\"valueRequired\":true,\"valueName\":\"search_term_string\"}}],\"inLanguage\":\"es-ES\"}]}<\/script>\n<!-- \/ Yoast SEO plugin. -->","yoast_head_json":{"title":"\u00bfQu\u00e9 es el Permiso Internacional de Conducir? | Info Oficial","description":"\u00bfQu\u00e9 es el Permiso Internacional de Conducir? \u00bfPara qu\u00e9 Sirve? \u00bfQu\u00e9 funciones tiene? Estas y m\u00e1s preguntas te las respondemos aqu\u00ed","robots":{"index":"index","follow":"follow","max-snippet":"max-snippet:-1","max-image-preview":"max-image-preview:large","max-video-preview":"max-video-preview:-1"},"canonical":"https:\/\/internationaldrivingpermit.org\/es\/que-es-un-pic\/","og_locale":"es_ES","og_type":"article","og_title":"\u00bfQu\u00e9 es el Permiso Internacional de Conducir? | Info Oficial","og_description":"\u00bfQu\u00e9 es el Permiso Internacional de Conducir? \u00bfPara qu\u00e9 Sirve? \u00bfQu\u00e9 funciones tiene? Estas y m\u00e1s preguntas te las respondemos aqu\u00ed","og_url":"https:\/\/internationaldrivingpermit.org\/es\/que-es-un-pic\/","og_site_name":"International Driving Permit","article_modified_time":"2019-02-15T20:22:51+00:00","og_image":[{"width":1023,"height":308,"url":"https:\/\/internationaldrivingpermit.org\/wp-content\/uploads\/2017\/06\/idps.png","type":"image\/png"}],"twitter_card":"summary_large_image","twitter_misc":{"Est. reading time":"3 minutes"},"schema":{"@context":"https:\/\/schema.org","@graph":[{"@type":"WebPage","@id":"https:\/\/internationaldrivingpermit.org\/es\/que-es-un-pic\/","url":"https:\/\/internationaldrivingpermit.org\/es\/que-es-un-pic\/","name":"\u00bfQu\u00e9 es el Permiso Internacional de Conducir? | Info Oficial","isPartOf":{"@id":"https:\/\/internationaldrivingpermit.org\/es\/#website"},"primaryImageOfPage":{"@id":"https:\/\/internationaldrivingpermit.org\/es\/que-es-un-pic\/#primaryimage"},"image":{"@id":"https:\/\/internationaldrivingpermit.org\/es\/que-es-un-pic\/#primaryimage"},"thumbnailUrl":"https:\/\/internationaldrivingpermit.org\/wp-content\/uploads\/2017\/06\/idps.png","datePublished":"2017-06-15T15:34:29+00:00","dateModified":"2019-02-15T20:22:51+00:00","description":"\u00bfQu\u00e9 es el Permiso Internacional de Conducir? \u00bfPara qu\u00e9 Sirve? \u00bfQu\u00e9 funciones tiene? Estas y m\u00e1s preguntas te las respondemos aqu\u00ed","breadcrumb":{"@id":"https:\/\/internationaldrivingpermit.org\/es\/que-es-un-pic\/#breadcrumb"},"inLanguage":"es-ES","potentialAction":[{"@type":"ReadAction","target":["https:\/\/internationaldrivingpermit.org\/es\/que-es-un-pic\/"]}]},{"@type":"ImageObject","inLanguage":"es-ES","@id":"https:\/\/internationaldrivingpermit.org\/es\/que-es-un-pic\/#primaryimage","url":"https:\/\/internationaldrivingpermit.org\/wp-content\/uploads\/2017\/06\/idps.png","contentUrl":"https:\/\/internationaldrivingpermit.org\/wp-content\/uploads\/2017\/06\/idps.png","width":1023,"height":308,"caption":"que es el permiso internacional de conducir"},{"@type":"BreadcrumbList","@id":"https:\/\/internationaldrivingpermit.org\/es\/que-es-un-pic\/#breadcrumb","itemListElement":[{"@type":"ListItem","position":1,"name":"Home","item":"https:\/\/internationaldrivingpermit.org\/es\/"},{"@type":"ListItem","position":2,"name":"\u00bfQu\u00e9 es el Permiso Internacional de Conducir?"}]},{"@type":"WebSite","@id":"https:\/\/internationaldrivingpermit.org\/es\/#website","url":"https:\/\/internationaldrivingpermit.org\/es\/","name":"International Driving Permit","description":"Your Official International Driving Permit","potentialAction":[{"@type":"SearchAction","target":{"@type":"EntryPoint","urlTemplate":"https:\/\/internationaldrivingpermit.org\/es\/?s={search_term_string}"},"query-input":{"@type":"PropertyValueSpecification","valueRequired":true,"valueName":"search_term_string"}}],"inLanguage":"es-ES"}]}},"_links":{"self":[{"href":"https:\/\/internationaldrivingpermit.org\/es\/wp-json\/wp\/v2\/pages\/395","targetHints":{"allow":["GET"]}}],"collection":[{"href":"https:\/\/internationaldrivingpermit.org\/es\/wp-json\/wp\/v2\/pages"}],"about":[{"href":"https:\/\/internationaldrivingpermit.org\/es\/wp-json\/wp\/v2\/types\/page"}],"author":[{"embeddable":true,"href":"https:\/\/internationaldrivingpermit.org\/es\/wp-json\/wp\/v2\/users\/21"}],"replies":[{"embeddable":true,"href":"https:\/\/internationaldrivingpermit.org\/es\/wp-json\/wp\/v2\/comments?post=395"}],"version-history":[{"count":5,"href":"https:\/\/internationaldrivingpermit.org\/es\/wp-json\/wp\/v2\/pages\/395\/revisions"}],"predecessor-version":[{"id":2551,"href":"https:\/\/internationaldrivingpermit.org\/es\/wp-json\/wp\/v2\/pages\/395\/revisions\/2551"}],"wp:featuredmedia":[{"embeddable":true,"href":"https:\/\/internationaldrivingpermit.org\/es\/wp-json\/wp\/v2\/media\/84"}],"wp:attachment":[{"href":"https:\/\/internationaldrivingpermit.org\/es\/wp-json\/wp\/v2\/media?parent=395"}],"curies":[{"name":"wp","href":"https:\/\/api.w.org\/{rel}","templated":true}]}}