{"id":402,"date":"2017-06-15T15:35:32","date_gmt":"2017-06-15T15:35:32","guid":{"rendered":"http:\/\/idp.viralbamboo.com\/?page_id=402"},"modified":"2019-10-23T11:41:07","modified_gmt":"2019-10-23T11:41:07","slug":"como-solicitarlo","status":"publish","type":"page","link":"https:\/\/internationaldrivingpermit.org\/es\/como-solicitarlo\/","title":{"rendered":"\u00bfC\u00f3mo sacar el Permiso de Conducir Internacional?"},"content":{"rendered":"<h2><strong><u>\u00bfQu\u00e9 es un Permiso Internacional de Conducir (PIC)?<\/u><\/strong><\/h2>\n<p>Un Permiso Internacional de Conducir (tambi\u00e9n conocido como Licencia Internacional de Conducir, Carn\u00e9 de Conducir Internacional o por sus nombres en ingl\u00e9s <em>International Driving Permit<\/em> o <em>International Driving Licence<\/em>) es un documento que contiene una traducci\u00f3n oficial de su permiso de conducir nacional.<\/p>\n<p>Se emite a trav\u00e9s de una amplia red de organizaciones de la AIT\/FIA, debidamente autorizadas por sus gobiernos para emitir el PIC.<\/p>\n<p>La mayor\u00eda de pa\u00edses exigen a los visitantes tener un PIC si quieren conducir fuera de su pa\u00eds de residencia. Tener un PIC significa poder conducir en el extranjero sin necesidad de superar un examen o rellenar formularios.<\/p>\n<h2><strong><u>\u00bfC\u00f3mo sacar la Licencia de Conducir Internacional?<\/u><\/strong><\/h2>\n<p>Para obtener un PIC, debe solicitarlo antes de salir de viaje, en el mismo pa\u00eds que haya emitido su permiso de conducir nacional.<\/p>\n<p>Este documento es un a\u00f1adido a su permiso nacional de conducir; m\u00e1s no lo sustituye. Para poder conducir en el extranjero, debe llevar siempre el PIC junto al permiso de conducir nacional.<\/p>\n<p>Esta licencia internacional tiene ventajas adicionales y puede funcionar como documento identificativo oficial. Esto significa que no necesita llevar su pasaporte consigo a todas partes cuando est\u00e9 en un pa\u00eds extranjero, ya que el Permiso Internacional de Conducir tambi\u00e9n es un documento identificativo v\u00e1lido.<\/p>\n<h3><strong><u>Aviso sobre los distribuidores y vendedores no oficiales de Permisos Internacionales de Manejo<\/u><\/strong><\/h3>\n<p>En internet hay muchos distribuidores no oficiales que afirman vender \u00abpermisos Internacionales de conducir\u00bb leg\u00edtimos. Tenga presente que un documento fraudulento puede acarrearle muchos problemas.<\/p>\n<p class=\"p1\"><strong><a href=\"https:\/\/internationaldrivingpermit.org\/\">https:\/\/internationaldrivingpermit.org\/<\/a> <\/strong>es <strong>el \u00fanico<\/strong> directorio aprobado por la AIT\/FIA que re\u00fane todos los organismos emisores del PIC en todo el mundo.<\/p>\n<p>Nunca realice tr\u00e1mites ante sitios desconocidos, pues los \u00fanicos sitios autorizados para emitir la Licencia Internacional o Carnet de Conducir Internacional se encuentran en el presente directorio oficial.<\/p>\n","protected":false},"excerpt":{"rendered":"<p>\u00bfQu\u00e9 es un Permiso Internacional de Conducir (PIC)? Un Permiso Internacional de Conducir (tambi\u00e9n conocido&#8230;<\/p>\n","protected":false},"author":21,"featured_media":0,"parent":0,"menu_order":0,"comment_status":"closed","ping_status":"closed","template":"page-how-to-apply.php","meta":{"_acf_changed":false,"footnotes":""},"class_list":["post-402","page","type-page","status-publish","hentry"],"acf":[],"yoast_head":"<!-- This site is optimized with the Yoast SEO plugin v27.5 - https:\/\/yoast.com\/product\/yoast-seo-wordpress\/ -->\n<title>\u00bfC\u00f3mo Sacar el Permiso Internacional de Conducir? Directorio<\/title>\n<meta name=\"description\" content=\"\u00bfC\u00f3mo sacar la Licencia Internacional? Encuentra tu pa\u00eds en este directorio con los requisitos para solicitar el permiso de maenjo\" \/>\n<meta name=\"robots\" content=\"index, follow, max-snippet:-1, max-image-preview:large, max-video-preview:-1\" \/>\n<link rel=\"canonical\" href=\"https:\/\/internationaldrivingpermit.org\/es\/como-solicitarlo\/\" \/>\n<meta property=\"og:locale\" content=\"es_ES\" \/>\n<meta property=\"og:type\" content=\"article\" \/>\n<meta property=\"og:title\" content=\"\u00bfC\u00f3mo Sacar el Permiso Internacional de Conducir? Directorio\" \/>\n<meta property=\"og:description\" content=\"\u00bfC\u00f3mo sacar la Licencia Internacional? Encuentra tu pa\u00eds en este directorio con los requisitos para solicitar el permiso de maenjo\" \/>\n<meta property=\"og:url\" content=\"https:\/\/internationaldrivingpermit.org\/es\/como-solicitarlo\/\" \/>\n<meta property=\"og:site_name\" content=\"International Driving Permit\" \/>\n<meta property=\"article:modified_time\" content=\"2019-10-23T11:41:07+00:00\" \/>\n<meta property=\"og:image\" content=\"https:\/\/internationaldrivingpermit.org\/wp-content\/uploads\/2017\/06\/excalextric.png\" \/>\n\t<meta property=\"og:image:width\" content=\"1023\" \/>\n\t<meta property=\"og:image:height\" content=\"308\" \/>\n\t<meta property=\"og:image:type\" content=\"image\/png\" \/>\n<meta name=\"twitter:card\" content=\"summary_large_image\" \/>\n<meta name=\"twitter:label1\" content=\"Est. reading time\" \/>\n\t<meta name=\"twitter:data1\" content=\"2 minutes\" \/>\n<script type=\"application\/ld+json\" class=\"yoast-schema-graph\">{\"@context\":\"https:\\\/\\\/schema.org\",\"@graph\":[{\"@type\":\"WebPage\",\"@id\":\"https:\\\/\\\/internationaldrivingpermit.org\\\/es\\\/como-solicitarlo\\\/\",\"url\":\"https:\\\/\\\/internationaldrivingpermit.org\\\/es\\\/como-solicitarlo\\\/\",\"name\":\"\u00bfC\u00f3mo Sacar el Permiso Internacional de Conducir? Directorio\",\"isPartOf\":{\"@id\":\"https:\\\/\\\/internationaldrivingpermit.org\\\/es\\\/#website\"},\"datePublished\":\"2017-06-15T15:35:32+00:00\",\"dateModified\":\"2019-10-23T11:41:07+00:00\",\"description\":\"\u00bfC\u00f3mo sacar la Licencia Internacional? Encuentra tu pa\u00eds en este directorio con los requisitos para solicitar el permiso de maenjo\",\"breadcrumb\":{\"@id\":\"https:\\\/\\\/internationaldrivingpermit.org\\\/es\\\/como-solicitarlo\\\/#breadcrumb\"},\"inLanguage\":\"es-ES\",\"potentialAction\":[{\"@type\":\"ReadAction\",\"target\":[\"https:\\\/\\\/internationaldrivingpermit.org\\\/es\\\/como-solicitarlo\\\/\"]}]},{\"@type\":\"BreadcrumbList\",\"@id\":\"https:\\\/\\\/internationaldrivingpermit.org\\\/es\\\/como-solicitarlo\\\/#breadcrumb\",\"itemListElement\":[{\"@type\":\"ListItem\",\"position\":1,\"name\":\"Home\",\"item\":\"https:\\\/\\\/internationaldrivingpermit.org\\\/es\\\/\"},{\"@type\":\"ListItem\",\"position\":2,\"name\":\"\u00bfC\u00f3mo sacar el Permiso de Conducir Internacional?\"}]},{\"@type\":\"WebSite\",\"@id\":\"https:\\\/\\\/internationaldrivingpermit.org\\\/es\\\/#website\",\"url\":\"https:\\\/\\\/internationaldrivingpermit.org\\\/es\\\/\",\"name\":\"International Driving Permit\",\"description\":\"Your Official International Driving Permit\",\"potentialAction\":[{\"@type\":\"SearchAction\",\"target\":{\"@type\":\"EntryPoint\",\"urlTemplate\":\"https:\\\/\\\/internationaldrivingpermit.org\\\/es\\\/?s={search_term_string}\"},\"query-input\":{\"@type\":\"PropertyValueSpecification\",\"valueRequired\":true,\"valueName\":\"search_term_string\"}}],\"inLanguage\":\"es-ES\"}]}<\/script>\n<!-- \/ Yoast SEO plugin. -->","yoast_head_json":{"title":"\u00bfC\u00f3mo Sacar el Permiso Internacional de Conducir? Directorio","description":"\u00bfC\u00f3mo sacar la Licencia Internacional? Encuentra tu pa\u00eds en este directorio con los requisitos para solicitar el permiso de maenjo","robots":{"index":"index","follow":"follow","max-snippet":"max-snippet:-1","max-image-preview":"max-image-preview:large","max-video-preview":"max-video-preview:-1"},"canonical":"https:\/\/internationaldrivingpermit.org\/es\/como-solicitarlo\/","og_locale":"es_ES","og_type":"article","og_title":"\u00bfC\u00f3mo Sacar el Permiso Internacional de Conducir? Directorio","og_description":"\u00bfC\u00f3mo sacar la Licencia Internacional? Encuentra tu pa\u00eds en este directorio con los requisitos para solicitar el permiso de maenjo","og_url":"https:\/\/internationaldrivingpermit.org\/es\/como-solicitarlo\/","og_site_name":"International Driving Permit","article_modified_time":"2019-10-23T11:41:07+00:00","og_image":[{"width":1023,"height":308,"url":"https:\/\/internationaldrivingpermit.org\/wp-content\/uploads\/2017\/06\/excalextric.png","type":"image\/png"}],"twitter_card":"summary_large_image","twitter_misc":{"Est. reading time":"2 minutes"},"schema":{"@context":"https:\/\/schema.org","@graph":[{"@type":"WebPage","@id":"https:\/\/internationaldrivingpermit.org\/es\/como-solicitarlo\/","url":"https:\/\/internationaldrivingpermit.org\/es\/como-solicitarlo\/","name":"\u00bfC\u00f3mo Sacar el Permiso Internacional de Conducir? Directorio","isPartOf":{"@id":"https:\/\/internationaldrivingpermit.org\/es\/#website"},"datePublished":"2017-06-15T15:35:32+00:00","dateModified":"2019-10-23T11:41:07+00:00","description":"\u00bfC\u00f3mo sacar la Licencia Internacional? Encuentra tu pa\u00eds en este directorio con los requisitos para solicitar el permiso de maenjo","breadcrumb":{"@id":"https:\/\/internationaldrivingpermit.org\/es\/como-solicitarlo\/#breadcrumb"},"inLanguage":"es-ES","potentialAction":[{"@type":"ReadAction","target":["https:\/\/internationaldrivingpermit.org\/es\/como-solicitarlo\/"]}]},{"@type":"BreadcrumbList","@id":"https:\/\/internationaldrivingpermit.org\/es\/como-solicitarlo\/#breadcrumb","itemListElement":[{"@type":"ListItem","position":1,"name":"Home","item":"https:\/\/internationaldrivingpermit.org\/es\/"},{"@type":"ListItem","position":2,"name":"\u00bfC\u00f3mo sacar el Permiso de Conducir Internacional?"}]},{"@type":"WebSite","@id":"https:\/\/internationaldrivingpermit.org\/es\/#website","url":"https:\/\/internationaldrivingpermit.org\/es\/","name":"International Driving Permit","description":"Your Official International Driving Permit","potentialAction":[{"@type":"SearchAction","target":{"@type":"EntryPoint","urlTemplate":"https:\/\/internationaldrivingpermit.org\/es\/?s={search_term_string}"},"query-input":{"@type":"PropertyValueSpecification","valueRequired":true,"valueName":"search_term_string"}}],"inLanguage":"es-ES"}]}},"_links":{"self":[{"href":"https:\/\/internationaldrivingpermit.org\/es\/wp-json\/wp\/v2\/pages\/402","targetHints":{"allow":["GET"]}}],"collection":[{"href":"https:\/\/internationaldrivingpermit.org\/es\/wp-json\/wp\/v2\/pages"}],"about":[{"href":"https:\/\/internationaldrivingpermit.org\/es\/wp-json\/wp\/v2\/types\/page"}],"author":[{"embeddable":true,"href":"https:\/\/internationaldrivingpermit.org\/es\/wp-json\/wp\/v2\/users\/21"}],"replies":[{"embeddable":true,"href":"https:\/\/internationaldrivingpermit.org\/es\/wp-json\/wp\/v2\/comments?post=402"}],"version-history":[{"count":5,"href":"https:\/\/internationaldrivingpermit.org\/es\/wp-json\/wp\/v2\/pages\/402\/revisions"}],"predecessor-version":[{"id":3684,"href":"https:\/\/internationaldrivingpermit.org\/es\/wp-json\/wp\/v2\/pages\/402\/revisions\/3684"}],"wp:attachment":[{"href":"https:\/\/internationaldrivingpermit.org\/es\/wp-json\/wp\/v2\/media?parent=402"}],"curies":[{"name":"wp","href":"https:\/\/api.w.org\/{rel}","templated":true}]}}